{"id":3,"date":"2023-11-08T21:31:32","date_gmt":"2023-11-08T20:31:32","guid":{"rendered":"http:\/\/the-rolling-game.fr\/?page_id=3"},"modified":"2024-10-23T22:34:52","modified_gmt":"2024-10-23T20:34:52","slug":"politique-de-confidentialite","status":"publish","type":"page","link":"https:\/\/the-rolling-game.fr\/index.php\/politique-de-confidentialite\/","title":{"rendered":"Politique de confidentialit\u00e9"},"content":{"rendered":"\n<h2 class=\"wp-block-heading\">Qui sommes-nous&nbsp;?<\/h2>\n\n\n\n<p>The Rolling Game (nomm\u00e9 &#8220;l&#8217;entreprise&#8221; si apr\u00e8s) est n\u00e9e d&#8217;une envie de faire partager l&#8217;aventure des escape game \u00e0 un plus large public. Pouvoir d\u00e9couvrir ce monde en \u00e9tant proche de chez vous. Notre escape game a donc \u00e9t\u00e9 con\u00e7u dans un camping car afin de pouvoir \u00eatre mobile.<\/p>\n\n\n\n<p>Nous participons toute l&#8217;ann\u00e9e \u00e0 des \u00e9v\u00e8nements que les mairies et les particuliers organisent.<\/p>\n\n\n\n<p>Vous pouvez nous joindre par mail : therollinggame.escape@gmail.com ou par t\u00e9l\u00e9phone : 07.49.46.32.22<\/p>\n\n\n\n<h2 class=\"wp-block-heading\">Cookies<\/h2>\n\n\n\n<p>Si vous vous rendez sur la page de connexion, un cookie temporaire sera cr\u00e9\u00e9 afin de d\u00e9terminer si votre navigateur accepte les cookies. Il ne contient pas de donn\u00e9es personnelles et sera supprim\u00e9 automatiquement \u00e0 la fermeture de votre navigateur.<\/p>\n\n\n\n<p>Lorsque vous vous connecterez, nous mettrons en place un certain nombre de cookies pour enregistrer vos informations de connexion et vos pr\u00e9f\u00e9rences d\u2019\u00e9cran. La dur\u00e9e de vie d\u2019un cookie de connexion est de deux jours, celle d\u2019un cookie d\u2019option d\u2019\u00e9cran est d\u2019un an. Si vous cochez \u00ab&nbsp;Se souvenir de moi&nbsp;\u00bb, votre cookie de connexion sera conserv\u00e9 pendant deux semaines. Si vous vous d\u00e9connectez de votre compte, le cookie de connexion sera effac\u00e9.<\/p>\n\n\n\n<h2 class=\"wp-block-heading\">Utilisation et transmission de vos donn\u00e9es personnelles<\/h2>\n\n\n\n<p>Nous ne transmettons pas les donn\u00e9es personnelles que vous nous communiquez. Elles servent uniquement \u00e0 pouvoir vous contacter au besoin et \u00e0 vous communiquez des informations sur l&#8217;actualit\u00e9 de l&#8217;entreprise.<\/p>\n\n\n\n<h2 class=\"wp-block-heading\">Droits et dur\u00e9es de stockage de vos donn\u00e9es<\/h2>\n\n\n\n<p>Nous stockons vos donn\u00e9es de fa\u00e7on permanente.<\/p>\n\n\n\n<p>Si vous souhaitez les consulter, les modifier ou les supprimer, vous pouvez nous contacter par mail : therollinggame.escape@gmail.com ou par t\u00e9l\u00e9phone : 07.49.46.32.22. <\/p>\n\n\n\n<p>Seul les gestionnaires de l&#8217;entreprise peuvent consulter vos informations personnelles.<\/p>\n\n\n\n<h2 class=\"wp-block-heading\"><\/h2>\n","protected":false},"excerpt":{"rendered":"<p>Qui sommes-nous&nbsp;? The Rolling Game (nomm\u00e9 &#8220;l&#8217;entreprise&#8221; si apr\u00e8s) est n\u00e9e d&#8217;une envie de faire partager l&#8217;aventure des escape game \u00e0 un plus large public. Pouvoir d\u00e9couvrir ce monde en \u00e9tant proche de chez vous. Notre escape game a donc \u00e9t\u00e9 con\u00e7u dans un camping car afin de pouvoir \u00eatre [&hellip;]<\/p>\n","protected":false},"author":1,"featured_media":0,"parent":0,"menu_order":0,"comment_status":"closed","ping_status":"open","template":"","meta":{"footnotes":""},"class_list":["post-3","page","type-page","status-publish","hentry"],"_links":{"self":[{"href":"https:\/\/the-rolling-game.fr\/index.php\/wp-json\/wp\/v2\/pages\/3","targetHints":{"allow":["GET"]}}],"collection":[{"href":"https:\/\/the-rolling-game.fr\/index.php\/wp-json\/wp\/v2\/pages"}],"about":[{"href":"https:\/\/the-rolling-game.fr\/index.php\/wp-json\/wp\/v2\/types\/page"}],"author":[{"embeddable":true,"href":"https:\/\/the-rolling-game.fr\/index.php\/wp-json\/wp\/v2\/users\/1"}],"replies":[{"embeddable":true,"href":"https:\/\/the-rolling-game.fr\/index.php\/wp-json\/wp\/v2\/comments?post=3"}],"version-history":[{"count":5,"href":"https:\/\/the-rolling-game.fr\/index.php\/wp-json\/wp\/v2\/pages\/3\/revisions"}],"predecessor-version":[{"id":340,"href":"https:\/\/the-rolling-game.fr\/index.php\/wp-json\/wp\/v2\/pages\/3\/revisions\/340"}],"wp:attachment":[{"href":"https:\/\/the-rolling-game.fr\/index.php\/wp-json\/wp\/v2\/media?parent=3"}],"curies":[{"name":"wp","href":"https:\/\/api.w.org\/{rel}","templated":true}]}}