{"id":6,"date":"2023-11-08T21:41:41","date_gmt":"2023-11-08T20:41:41","guid":{"rendered":"http:\/\/the-rolling-game.fr\/index.php\/accueil\/"},"modified":"2026-03-12T08:32:55","modified_gmt":"2026-03-12T07:32:55","slug":"accueil","status":"publish","type":"page","link":"https:\/\/the-rolling-game.fr\/","title":{"rendered":"Accueil"},"content":{"rendered":"\n<p class=\"has-text-align-center\"><strong>THE ROLLING GAME EST FERMER DEFINITIVEMENT<\/strong><\/p>\n\n\n\n<hr class=\"wp-block-separator has-alpha-channel-opacity\"\/>\n\n\n\n<h2 class=\"wp-block-heading titre-section\">Un Escape-Mobile<\/h2>\n\n\n\n<p class=\"has-text-align-center\"><strong>POURQUOI VOUS DEPLACEZ JUSQU&#8217;A UN ESCAPE GAME<\/strong><\/p>\n\n\n\n<p class=\"has-text-align-center\"><strong>LORSQUE CELUI-CI PEUT VENIR JUSQU&#8217;A VOUS !<\/strong><\/p>\n\n\n\n<p><strong>The Rolling Game<\/strong> est un escape game dans un <strong>camping-car<\/strong> (chauff\u00e9), con\u00e7u pour se pr\u00e9senter directement chez vous. Plus besoin de faire de longs trajets pour vivre une exp\u00e9rience palpitante.<\/p>\n\n\n\n<p class=\"has-text-align-center\"><strong><em>QU&#8217;EST CE QU&#8217;UN ESCAPE GAME ?<\/em><\/strong><\/p>\n\n\n\n<p>Il s&#8217;agit d&#8217;un<strong> jeu d&#8217;\u00e9vasion<\/strong>. Une aventure immersif dans laquelle vous vous retrouvez dans une pi\u00e8ce et pour en sortir vous devez r\u00e9soudre des \u00e9nigmes. Pour en savoir plus n&#8217;h\u00e9sitez pas \u00e0 nous envoyer un mail : therollinggame.escape@gmail.com<\/p>\n\n\n\n<div style=\"height:56px\" aria-hidden=\"true\" class=\"wp-block-spacer\"><\/div>\n\n\n\n<p><\/p>\n\n\n\n<p class=\"has-text-align-center\"><strong>ACCESSIBLE POUR TOUTE LA MARNE (51)<\/strong><\/p>\n\n\n\n<p>Que vous organisiez un \u00e9v\u00e9nement sp\u00e9cial ou bien un simple rassemblement, adepte de l\u2019escape game ou simplement curieux, nous pouvons venir jusqu&#8217;\u00e0 vous. Nous pensons que tout le monde m\u00e9rite de d\u00e9couvrir la magie des escape games, et notre mission est de rendre cela possible, peu importe o\u00f9 vous vous trouvez dans la Marne.<\/p>\n\n\n\n<p><\/p>\n\n\n\n<p>Venez vivre une exp\u00e9rience unique, o\u00f9 l\u2019\u00e9nigme se m\u00ealent \u00e0 la convivialit\u00e9 de votre communaut\u00e9. Laissez-nous vous emmener dans un voyage captivant. N\u2019ayez pas peur de trouver l\u2019aventure devant votre porte.<\/p>\n\n\n\n<p><\/p>\n\n\n\n<p>Le camping-car s&#8217;arr\u00eate parfois dans une ville ou un village pour vous faire profitez de l&#8217;exp\u00e9rience \u00e0 deux pas de chez vous. Lorsque c&#8217;est le cas, vous pouvez r\u00e9server directement en allant dans la rubrique R\u00e9server de ce site. Les lieux et dates y seront indiqu\u00e9s. <\/p>\n\n\n\n<hr class=\"wp-block-separator has-alpha-channel-opacity\"\/>\n\n\n\n<h2 class=\"wp-block-heading titre-section\">Notre Aventure<\/h2>\n\n\n\n<div class=\"wp-block-columns aventure is-layout-flex wp-container-core-columns-is-layout-9d6595d7 wp-block-columns-is-layout-flex\" id=\"aventures\">\n<div class=\"wp-block-column box is-layout-flow wp-block-column-is-layout-flow\">\n<figure class=\"wp-block-image size-full is-resized\"><img loading=\"lazy\" decoding=\"async\" width=\"1024\" height=\"1536\" src=\"http:\/\/the-rolling-game.fr\/wp-content\/uploads\/2025\/09\/ChatGPT-Image-1-sept.-2025-15_54_11.png\" alt=\"\" class=\"wp-image-416\" style=\"width:351px;height:auto\" srcset=\"https:\/\/the-rolling-game.fr\/wp-content\/uploads\/2025\/09\/ChatGPT-Image-1-sept.-2025-15_54_11.png 1024w, https:\/\/the-rolling-game.fr\/wp-content\/uploads\/2025\/09\/ChatGPT-Image-1-sept.-2025-15_54_11-200x300.png 200w, https:\/\/the-rolling-game.fr\/wp-content\/uploads\/2025\/09\/ChatGPT-Image-1-sept.-2025-15_54_11-683x1024.png 683w, https:\/\/the-rolling-game.fr\/wp-content\/uploads\/2025\/09\/ChatGPT-Image-1-sept.-2025-15_54_11-768x1152.png 768w\" sizes=\"auto, (max-width: 1024px) 100vw, 1024px\" \/><\/figure>\n<\/div>\n\n\n\n<div class=\"wp-block-column box is-layout-flow wp-block-column-is-layout-flow\">\n<div class=\"wp-block-columns is-layout-flex wp-container-core-columns-is-layout-9d6595d7 wp-block-columns-is-layout-flex\">\n<div class=\"wp-block-column box-inner is-layout-flow wp-block-column-is-layout-flow\">\n<p><\/p>\n\n\n\n<p>Vous avez \u00e9t\u00e9 engag\u00e9s pour d\u00e9rober la c\u00e9l\u00e8bre bouteille \u00e0 l\u2019\u00e9tiquette rouge, dont tout le monde parle en ce moment. Cette pr\u00e9cieuse pi\u00e8ce a \u00e9t\u00e9 r\u00e9cup\u00e9r\u00e9e par un collectionneur compulsif qui la garde pr\u00e9cieusement dans sa cave. Mais attention, la mission s\u2019annonce plus p\u00e9rilleuse que pr\u00e9vu\u2026 Saurez-vous la retrouver avant que le propri\u00e9taire ne d\u00e9couvre votre intrusion ?<\/p>\n\n\n\n<p><\/p>\n\n\n\n<p>Pour 1 \u00e0 4 joueurs<br>Dur\u00e9e : 40 minutes<\/p>\n<\/div>\n<\/div>\n<\/div>\n<\/div>\n\n\n\n<hr class=\"wp-block-separator has-alpha-channel-opacity\" id=\"tarifs\"\/>\n\n\n\n<div style=\"height:20px\" aria-hidden=\"true\" class=\"wp-block-spacer\"><\/div>\n\n\n\n<h2 class=\"wp-block-heading has-text-align-center titre-section\">Tarifs sur un espace public<\/h2>\n\n\n\n<p class=\"has-text-align-center\">Maximum de 4 personnes par session<\/p>\n\n\n\n<p class=\"has-text-align-center\">15\u20ac par personne <\/p>\n\n\n\n<div class=\"wp-block-columns is-layout-flex wp-container-core-columns-is-layout-9d6595d7 wp-block-columns-is-layout-flex\">\n<div class=\"wp-block-column is-layout-flow wp-block-column-is-layout-flow\">\n<div class=\"wp-block-columns is-layout-flex wp-container-core-columns-is-layout-9d6595d7 wp-block-columns-is-layout-flex\">\n<div class=\"wp-block-column is-layout-flow wp-block-column-is-layout-flow\">\n<figure class=\"wp-block-image size-full is-resized\"><img loading=\"lazy\" decoding=\"async\" width=\"512\" height=\"512\" src=\"http:\/\/the-rolling-game.fr\/wp-content\/uploads\/2023\/11\/une_personne.png\" alt=\"\" class=\"wp-image-54\" style=\"width:174px;height:auto\" srcset=\"https:\/\/the-rolling-game.fr\/wp-content\/uploads\/2023\/11\/une_personne.png 512w, https:\/\/the-rolling-game.fr\/wp-content\/uploads\/2023\/11\/une_personne-300x300.png 300w, https:\/\/the-rolling-game.fr\/wp-content\/uploads\/2023\/11\/une_personne-150x150.png 150w\" sizes=\"auto, (max-width: 512px) 100vw, 512px\" \/><\/figure>\n\n\n\n<p class=\"has-text-align-center\"><br><\/p>\n<\/div>\n\n\n\n<div class=\"wp-block-column is-layout-flow wp-block-column-is-layout-flow\">\n<figure class=\"wp-block-image size-full is-resized\"><img loading=\"lazy\" decoding=\"async\" width=\"512\" height=\"512\" src=\"http:\/\/the-rolling-game.fr\/wp-content\/uploads\/2023\/11\/deux_personnes.png\" alt=\"\" class=\"wp-image-55\" style=\"width:172px;height:auto\" srcset=\"https:\/\/the-rolling-game.fr\/wp-content\/uploads\/2023\/11\/deux_personnes.png 512w, https:\/\/the-rolling-game.fr\/wp-content\/uploads\/2023\/11\/deux_personnes-300x300.png 300w, https:\/\/the-rolling-game.fr\/wp-content\/uploads\/2023\/11\/deux_personnes-150x150.png 150w\" sizes=\"auto, (max-width: 512px) 100vw, 512px\" \/><\/figure>\n<\/div>\n<\/div>\n<\/div>\n\n\n\n<div class=\"wp-block-column is-layout-flow wp-block-column-is-layout-flow\">\n<div class=\"wp-block-columns is-layout-flex wp-container-core-columns-is-layout-9d6595d7 wp-block-columns-is-layout-flex\">\n<div class=\"wp-block-column is-layout-flow wp-block-column-is-layout-flow\">\n<figure class=\"wp-block-image size-full is-resized\"><img loading=\"lazy\" decoding=\"async\" width=\"512\" height=\"512\" src=\"http:\/\/the-rolling-game.fr\/wp-content\/uploads\/2023\/11\/trois_personnes.png\" alt=\"\" class=\"wp-image-56\" style=\"width:171px;height:auto\" srcset=\"https:\/\/the-rolling-game.fr\/wp-content\/uploads\/2023\/11\/trois_personnes.png 512w, https:\/\/the-rolling-game.fr\/wp-content\/uploads\/2023\/11\/trois_personnes-300x300.png 300w, https:\/\/the-rolling-game.fr\/wp-content\/uploads\/2023\/11\/trois_personnes-150x150.png 150w\" sizes=\"auto, (max-width: 512px) 100vw, 512px\" \/><\/figure>\n<\/div>\n\n\n\n<div class=\"wp-block-column is-layout-flow wp-block-column-is-layout-flow\">\n<figure class=\"wp-block-image size-full is-resized\"><img loading=\"lazy\" decoding=\"async\" width=\"297\" height=\"297\" src=\"http:\/\/the-rolling-game.fr\/wp-content\/uploads\/2023\/11\/quatre_personnes-2.png\" alt=\"\" class=\"wp-image-90\" style=\"width:157px;height:auto\" srcset=\"https:\/\/the-rolling-game.fr\/wp-content\/uploads\/2023\/11\/quatre_personnes-2.png 297w, https:\/\/the-rolling-game.fr\/wp-content\/uploads\/2023\/11\/quatre_personnes-2-150x150.png 150w\" sizes=\"auto, (max-width: 297px) 100vw, 297px\" \/><\/figure>\n<\/div>\n<\/div>\n<\/div>\n<\/div>\n\n\n\n<h2 class=\"wp-block-heading has-text-align-center\">Tarif chez un particulier<\/h2>\n\n\n\n<p class=\"has-text-align-center\">Pour le service \u00e0 domicile, nous fonctionnons par nombre de session (partie)<\/p>\n\n\n\n<p class=\"has-text-align-center\">La premi\u00e8re session est \u00e0 partir de 60\u20ac pour 40 minutes.<\/p>\n\n\n\n<p class=\"has-text-align-center\">Si vous \u00eates plus que 4, vous pouvez r\u00e9server des sessions suppl\u00e9mentaires.<\/p>\n\n\n\n<p class=\"has-text-align-center\">Chaque session en plus est factur\u00e9 50\u20ac.<\/p>\n\n\n\n<p class=\"has-text-align-center\">Lorsque nous venons \u00e0 domicile, l&#8217;aventure se d\u00e9roule dans le camping-car. N\u00e9anmoins, si par n\u00e9cessit\u00e9 vous souhaitez que l&#8217;aventure ait lieu dans votre domicile directement, cela est tout \u00e0 fait possible.<\/p>\n\n\n\n<p class=\"has-text-align-center\">Des frais de d\u00e9placement sont \u00e0 pr\u00e9voir lors de notre service \u00e0 domicile.<\/p>\n\n\n\n<p class=\"has-text-align-center\">Faites votre r\u00e9servation et nous \u00e9tablirons votre devis sur mesure pour vous.<\/p>\n\n\n\n<p class=\"has-text-align-center\">therollinggame.escape@gmail.com<\/p>\n\n\n\n<hr class=\"wp-block-separator has-alpha-channel-opacity\" id=\"evenements\"\/>\n\n\n\n<div style=\"height:20px\" aria-hidden=\"true\" class=\"wp-block-spacer\"><\/div>\n\n\n\n<h2 class=\"wp-block-heading titre-section\">\u00c9v\u00e9nementiel<\/h2>\n\n\n\n<p class=\"has-text-align-center\">Vous voulez que The Rolling Game participe \u00e0 votre \u00e9v\u00e8nement ?!<\/p>\n\n\n\n<p class=\"has-text-align-center\"><strong>C&#8217;EST POSSIBLE !<\/strong><\/p>\n\n\n\n<p class=\"has-text-align-center\">L&#8217;aventure de l&#8217;\u00e9tiquette Rouge est faite pour vous !<\/p>\n\n\n\n<p class=\"has-text-align-center\">Il s&#8217;agit d&#8217;une aventure qui dure 40 minutes, parfait pour faire participer un maximum d&#8217;\u00e9quipe.<\/p>\n\n\n\n<p class=\"has-text-align-center\">Cela permet \u00e9galement de faire d\u00e9couvrir le monde de l&#8217;escape game \u00e0 ceux qui ne connaissent pas.<\/p>\n\n\n\n<div class=\"wp-block-group is-nowrap is-layout-flex wp-container-core-group-is-layout-ad2f72ca wp-block-group-is-layout-flex\">\n<p>Ajoutez une touche de fun avec le jeu de la Balle Surprise : piochez une balle et d\u00e9couvrez le lot qui vous sera remis ! Chaque lot est propos\u00e9 au prix unique de <strong>2\u20ac<\/strong>, et le tirage au sort de la balle n\u2019est qu\u2019un moyen amusant de r\u00e9v\u00e9ler la surprise. <\/p>\n\n\n<div class=\"wp-block-image\">\n<figure class=\"aligncenter size-full is-resized\"><img loading=\"lazy\" decoding=\"async\" width=\"533\" height=\"666\" src=\"https:\/\/the-rolling-game.fr\/wp-content\/uploads\/2025\/09\/machine.jpg\" alt=\"\" class=\"wp-image-431\" style=\"width:323px;height:auto\" srcset=\"https:\/\/the-rolling-game.fr\/wp-content\/uploads\/2025\/09\/machine.jpg 533w, https:\/\/the-rolling-game.fr\/wp-content\/uploads\/2025\/09\/machine-240x300.jpg 240w\" sizes=\"auto, (max-width: 533px) 100vw, 533px\" \/><\/figure>\n<\/div><\/div>\n\n\n\n<p class=\"has-text-align-center\">Contactez nous par mail : therollinggame.escape@gmail.com<\/p>\n\n\n\n<p class=\"has-text-align-center\">Ou par t\u00e9l\u00e9phone : 07.49.46.32.22.<\/p>\n\n\n\n<p class=\"has-text-align-center\"><\/p>\n\n\n\n<hr class=\"wp-block-separator has-alpha-channel-opacity\" id=\"reserver\"\/>\n\n\n\n<div style=\"height:20px\" aria-hidden=\"true\" class=\"wp-block-spacer\"><\/div>\n\n\n\n<h2 class=\"wp-block-heading titre-section\">R\u00e9server<\/h2>\n\n\n\n<div class=\"wp-block-columns is-layout-flex wp-container-core-columns-is-layout-9d6595d7 wp-block-columns-is-layout-flex\">\n<div class=\"wp-block-column is-layout-flow wp-block-column-is-layout-flow\" style=\"flex-basis:25%\"><\/div>\n\n\n\n<div class=\"wp-block-column is-layout-flow wp-block-column-is-layout-flow\" style=\"flex-basis:50%\">\n<p>NOTE : Merci par avance d&#8217;indiquer dans la section &#8220;Remarques&#8221; le nombre de participants ainsi que votre code promo si vous en avez un.<\/p>\n\n\n<iframe src=\"https:\/\/the-rolling-game.fr\/wp-json\/ssa\/v1\/embed-inner?integration&type&label&types&edit&view&payment_provider&ssa_locale=en_US&ssa_is_rtl&sid=af70981a177536fd536bad9d3bea4be5b3e02b1c&availability_start_date&availability_end_date&suggest_first_available&suggest_first_available_within_minutes&flow&fallback_flow&time_view&date_view&appointment_types_view&version&accent_color&background&padding&font&booking_url=https%3A%2F%2Fthe-rolling-game.fr%2F&booking_post_id=6&booking_title=Accueil&_wpnonce=64d6aae2e5&redirect_post_id#\/\" height=\"400px\" width=\"100%\" name=\"ssa_booking\" loading=\"eager\" frameborder=\"0\" data-skip-lazy=\"1\" class=\"ssa_booking_iframe skip-lazy\" title=\"Book a time\"><\/iframe>\n<\/div>\n\n\n\n<div class=\"wp-block-column is-layout-flow wp-block-column-is-layout-flow\" style=\"flex-basis:25%\"><\/div>\n<\/div>\n\n\n\n<hr class=\"wp-block-separator has-alpha-channel-opacity\" id=\"information\"\/>\n\n\n\n<div style=\"height:20px\" aria-hidden=\"true\" class=\"wp-block-spacer\"><\/div>\n\n\n\n<h2 class=\"wp-block-heading titre-section\">Informations<\/h2>\n\n\n\n<p class=\"has-text-align-center\">Une session dans une ville (village) est \u00e0 r\u00e9server au minimum 2h avant le d\u00e9but de celle-ci si vous voulez \u00eatre sur d&#8217;avoir votre place. Autrement, un d\u00e9lais d&#8217;attente pourras \u00eatre n\u00e9cessaire avant que votre aventure puisse commencer.<\/p>\n\n\n\n<p class=\"has-text-align-center\">Si vous ne trouvez pas un horaire (ou une date) qui vous convienne,<\/p>\n\n\n\n<p class=\"has-text-align-center\">contactez-nous par t\u00e9l\u00e9phone au 07.49.46.32.22.  <\/p>\n\n\n\n<p class=\"has-text-align-center\">Paiements accept\u00e9s : Ch\u00e8que et Esp\u00e8ces (pas de carte bancaire)<\/p>\n","protected":false},"excerpt":{"rendered":"<p>THE ROLLING GAME EST FERMER DEFINITIVEMENT Un Escape-Mobile POURQUOI VOUS DEPLACEZ JUSQU&#8217;A UN ESCAPE GAME LORSQUE CELUI-CI PEUT VENIR JUSQU&#8217;A VOUS ! The Rolling Game est un escape game dans un camping-car (chauff\u00e9), con\u00e7u pour se pr\u00e9senter directement chez vous. Plus besoin de faire de longs trajets pour vivre une [&hellip;]<\/p>\n","protected":false},"author":1,"featured_media":0,"parent":0,"menu_order":0,"comment_status":"closed","ping_status":"closed","template":"","meta":{"footnotes":""},"class_list":["post-6","page","type-page","status-publish","hentry"],"_links":{"self":[{"href":"https:\/\/the-rolling-game.fr\/index.php\/wp-json\/wp\/v2\/pages\/6","targetHints":{"allow":["GET"]}}],"collection":[{"href":"https:\/\/the-rolling-game.fr\/index.php\/wp-json\/wp\/v2\/pages"}],"about":[{"href":"https:\/\/the-rolling-game.fr\/index.php\/wp-json\/wp\/v2\/types\/page"}],"author":[{"embeddable":true,"href":"https:\/\/the-rolling-game.fr\/index.php\/wp-json\/wp\/v2\/users\/1"}],"replies":[{"embeddable":true,"href":"https:\/\/the-rolling-game.fr\/index.php\/wp-json\/wp\/v2\/comments?post=6"}],"version-history":[{"count":197,"href":"https:\/\/the-rolling-game.fr\/index.php\/wp-json\/wp\/v2\/pages\/6\/revisions"}],"predecessor-version":[{"id":446,"href":"https:\/\/the-rolling-game.fr\/index.php\/wp-json\/wp\/v2\/pages\/6\/revisions\/446"}],"wp:attachment":[{"href":"https:\/\/the-rolling-game.fr\/index.php\/wp-json\/wp\/v2\/media?parent=6"}],"curies":[{"name":"wp","href":"https:\/\/api.w.org\/{rel}","templated":true}]}}